{"id":5421,"date":"2023-10-22T13:10:44","date_gmt":"2023-10-22T13:10:44","guid":{"rendered":"http:\/\/relentlessinteractive.com\/awda2024\/?page_id=5421"},"modified":"2023-10-24T00:46:54","modified_gmt":"2023-10-24T00:46:54","slug":"2024-grand-gala-reception-5-course-dinner","status":"publish","type":"page","link":"https:\/\/relentlessinteractive.com\/awda2024\/2024-grand-gala-reception-5-course-dinner\/","title":{"rendered":"2024 Grand Gala Reception &#038; 5 &#8211; Course Dinner"},"content":{"rendered":"<section class=\"wpb-content-wrapper\"><p>[vc_row css_animation=&#8221;&#8221;][vc_column css_animation=&#8221;&#8221;][vc_video link=&#8221;https:\/\/vimeo.com\/792669775?share=copy&#8221;][\/vc_column][\/vc_row][vc_row full_width=&#8221;stretch_row&#8221; css_animation=&#8221;&#8221; css=&#8221;.vc_custom_1697979932376{padding-top: 120px !important;background-image: url(http:\/\/relentlessinteractive.com\/awda2024\/wp-content\/uploads\/2023\/10\/Grand.png?id=5425) !important;background-position: 0 0 !important;background-repeat: no-repeat !important;}&#8221; el_class=&#8221;gg-force-background-bottom&#8221;][vc_column width=&#8221;1\/2&#8243; css_animation=&#8221;&#8221;][vc_column_text css_animation=&#8221;&#8221;]<\/p>\n<h2>Albany Capital Center<\/h2>\n<p>Saturday, January 27, 2024<br \/>\nReception 6:00pm | Dinner 7:00pm<\/p>\n<p>The 15th Anniversary Albany Chefs Food &amp; Wine Festival Grand Gala will feature a reception followed by a five course culinary masterpiece prepared by prominent regional culinary powerhouses and directed by lead Signature Chef, Jaime Ortiz.<\/p>\n<p>Signature Chef Culinary team &amp; menu to be announced soon.<\/p>\n<p>&nbsp;[\/vc_column_text][vc_btn title=&#8221;Tickets Coming Soon&#8221; color=&#8221;black&#8221; css_animation=&#8221;&#8221;][\/vc_column][vc_column width=&#8221;1\/2&#8243; css_animation=&#8221;&#8221;]\n\t<div class=\"title-subtitle-box  vc_custom_1697980139016 vc_custom_1697980139026 vc_custom_1697980139035\" style=\" padding: 90px 0 0 0px; text-align: center;\">\n\t\t<p  style=\"\">Sponsored by<\/p>\n\t\t<h1 style=\" font-style: normal;\">Total Events<\/h1>\n\t<\/div> [vc_column_text css_animation=&#8221;&#8221;]The 2024 Grand Gala will be limited to under 500 guests, and will feature a one of a kind culinary experience accompanied by popular wines provided by longtime Festival Partner, Empire Merchants North.<\/p>\n<p>Guests will enjoy a unique menu curated by Lead Chef, Jaime Ortiz, and his team of superbly talented Signature Chefs. \u2013 sold out in 2023, this Grand Gala Reception &amp; dinner is an event not to be missed!<\/p>\n<div><\/div>\n<p>[\/vc_column_text][\/vc_column][\/vc_row][vc_row full_width=&#8221;stretch_row&#8221; css_animation=&#8221;&#8221; css=&#8221;.vc_custom_1460974692501{background-color: #f1f1f1 !important;}&#8221;][vc_column css_animation=&#8221;&#8221;]\n\t<div class=\"title-subtitle-box  vc_custom_1697977810009 vc_custom_1697977810010 vc_custom_1697977810010\" style=\" margin-bottom:90px; text-align: left;\">\n\t\t<p  style=\"\">5-course<\/p>\n\t\t<h1 style=\" font-style: normal;\">Dinner<\/h1>\n\t<\/div> <section id=\"cd-timeline\" class=\"cd-container horizontal\">\n\t<div class=\"cd-timeline-block\">\n\t\t<div class=\"cd-timeline-img cd-picture kd-animated kd-animated fadeIn animation-delay-400\">\n\t\t<img src=\"https:\/\/relentlessinteractive.com\/awda2024\/wp-content\/themes\/villenoir\/images\/cd-icon-location.svg\" alt=\"Location\">\n\t\t<\/div>\n\t\t<div class=\"cd-timeline-content kd-animated kd-animated fadeIn animation-delay-400\">\n\t\t <img class=\"wp-post-image \" src=\"\" alt=\"\" \/> \n\t\t<div class=\"cd-timeline-content-wrapper\">\n\t\t<p class=\"cd-title\">Chef AJ Richard ________________ Farmacy<\/p>\n\t\t<p>Tuna Tartare with local vodka compressed honeydew, br\u00fbl\u00e9ed orange, carrot broth, jalape\u00f1o parsley oil, sunflower seed, micro basil. __________________________________________________<\/p>\n<p>Wine Pairing: Bonterra Organic Sauvignon Blanc, California<\/p>\n\t\t<h4 class=\"cd-date\">1st<\/h4>\n\t\t<\/div>\n\t\t<\/div>\n\t<\/div>\n\t<div class=\"cd-timeline-block\">\n\t\t<div class=\"cd-timeline-img cd-picture kd-animated \">\n\t\t<img src=\"https:\/\/relentlessinteractive.com\/awda2024\/wp-content\/themes\/villenoir\/images\/cd-icon-location.svg\" alt=\"Location\">\n\t\t<\/div>\n\t\t<div class=\"cd-timeline-content kd-animated \">\n\t\t <img class=\"wp-post-image \" src=\"\" alt=\"\" \/> \n\t\t<div class=\"cd-timeline-content-wrapper\">\n\t\t<p class=\"cd-title\">Chef Elliot Vogel __________________ Old Daley Custom Catering<\/p>\n\t\t<p>Champagne Lacquered Salsify with cured heirloom carrot, hickory earth apple, smoked sultana, pistachio, sesame, green cardamon tahini aioli basil.<\/p>\n<p>_______________________________________________<\/p>\n<p>Wine Pairing: Allegrini \u201cPalazzo del Torre\u201d 2020, Verona, Italy<\/p>\n\t\t<h4 class=\"cd-date\">2nd<\/h4>\n\t\t<\/div>\n\t\t<\/div>\n\t<\/div>\n\t<div class=\"cd-timeline-block\">\n\t\t<div class=\"cd-timeline-img cd-picture kd-animated \">\n\t\t<img src=\"https:\/\/relentlessinteractive.com\/awda2024\/wp-content\/themes\/villenoir\/images\/cd-icon-location.svg\" alt=\"Location\">\n\t\t<\/div>\n\t\t<div class=\"cd-timeline-content kd-animated \">\n\t\t <img class=\"wp-post-image \" src=\"\" alt=\"\" \/> \n\t\t<div class=\"cd-timeline-content-wrapper\">\n\t\t<p class=\"cd-title\">Chef Ian O'Leary _________________ Yono's &amp; dp American Brasserie<\/p>\n\t\t<p>Miso Butter Poached Hake with creamed red cabbage\/5 spice roasted parsnip\/crispy candied ginger\/micro wasabin. ______________________________________________________<\/p>\n<p>Wine Pairing: Louis Jadot Chardonnay 2020 \u2013 Burgundy, France<\/p>\n\t\t<h4 class=\"cd-date\">3rd<\/h4>\n\t\t<\/div>\n\t\t<\/div>\n\t<\/div>\n\t<div class=\"cd-timeline-block\">\n\t\t<div class=\"cd-timeline-img cd-picture kd-animated \">\n\t\t<img src=\"https:\/\/relentlessinteractive.com\/awda2024\/wp-content\/themes\/villenoir\/images\/cd-icon-location.svg\" alt=\"Location\">\n\t\t<\/div>\n\t\t<div class=\"cd-timeline-content kd-animated \">\n\t\t <img class=\"wp-post-image \" src=\"\" alt=\"\" \/> \n\t\t<div class=\"cd-timeline-content-wrapper\">\n\t\t<p class=\"cd-title\">Chef David Zuckerman _____________ Mazzone Hostipality<\/p>\n\t\t<p>Miso Butter Poached Hake with creamed red cabbage\/5 spice roasted parsnip\/crispy candied ginger\/micro wasabin. ____________________________________________________________<\/p>\n<p>Wine Pairing: Louis Jadot Chardonnay 2020 \u2013 Burgundy, France<\/p>\n\t\t<h4 class=\"cd-date\">4th<\/h4>\n\t\t<\/div>\n\t\t<\/div>\n\t<\/div>\n\t<div class=\"cd-timeline-block\">\n\t\t<div class=\"cd-timeline-img cd-picture kd-animated \">\n\t\t<img src=\"https:\/\/relentlessinteractive.com\/awda2024\/wp-content\/themes\/villenoir\/images\/cd-icon-location.svg\" alt=\"Location\">\n\t\t<\/div>\n\t\t<div class=\"cd-timeline-content kd-animated \">\n\t\t <img class=\"wp-post-image \" src=\"\" alt=\"\" \/> \n\t\t<div class=\"cd-timeline-content-wrapper\">\n\t\t<p class=\"cd-title\">Chef Jaime Ortiz _______________________ JO Restaurant Group<\/p>\n\t\t<p>Chocolate and Cherries with Bing cherry and maraschino mousse, chocolate amarena cherry ganache, star anise black forest crumble. kirsch glaze. _______________________________________________<\/p>\n<p>Wine Pairing: Rosa Regale Sparkling Brachetto d\u2019Aqui NV, Piedmont, Italy<\/p>\n\t\t<h4 class=\"cd-date\">5th<\/h4>\n\t\t<\/div>\n\t\t<\/div>\n\t<\/div><\/section>[\/vc_column][\/vc_row]<\/p>\n<\/section>","protected":false},"excerpt":{"rendered":"<p>[vc_row css_animation=&#8221;&#8221;][vc_column css_animation=&#8221;&#8221;][vc_video link=&#8221;https:\/\/vimeo.com\/792669775?share=copy&#8221;][\/vc_column][\/vc_row][vc_row full_width=&#8221;stretch_row&#8221; css_animation=&#8221;&#8221; css=&#8221;.vc_custom_1697979932376{padding-top: 120px !important;background-image: url(http:\/\/relentlessinteractive.com\/awda2024\/wp-content\/uploads\/2023\/10\/Grand.png?id=5425) !important;background-position: 0 0 !important;background-repeat: no-repeat !important;}&#8221; el_class=&#8221;gg-force-background-bottom&#8221;][vc_column width=&#8221;1\/2&#8243; css_animation=&#8221;&#8221;][vc_column_text css_animation=&#8221;&#8221;] Albany Capital Center Saturday, January 27, 2024 Reception 6:00pm |<br class=\"read-more-spacer\"> <a class=\"more-link\" href=\"https:\/\/relentlessinteractive.com\/awda2024\/2024-grand-gala-reception-5-course-dinner\/\">Read More<\/a><\/p>\n","protected":false},"author":18,"featured_media":2294,"parent":0,"menu_order":0,"comment_status":"closed","ping_status":"closed","template":"","meta":{"_mi_skip_tracking":false,"_monsterinsights_sitenote_active":false,"_monsterinsights_sitenote_note":"","_monsterinsights_sitenote_category":0,"footnotes":""},"acf":[],"yoast_head":"<!-- This site is optimized with the Yoast SEO plugin v21.4 - https:\/\/yoast.com\/wordpress\/plugins\/seo\/ -->\n<title>2024 Grand Gala Reception &amp; 5 - Course Dinner - Albany Wine and Dine for the Arts<\/title>\n<meta name=\"robots\" content=\"index, follow, max-snippet:-1, max-image-preview:large, max-video-preview:-1\" \/>\n<link rel=\"canonical\" href=\"https:\/\/relentlessinteractive.com\/awda2024\/2024-grand-gala-reception-5-course-dinner\/\" \/>\n<meta property=\"og:locale\" content=\"en_US\" \/>\n<meta property=\"og:type\" content=\"article\" \/>\n<meta property=\"og:title\" content=\"2024 Grand Gala Reception &amp; 5 - Course Dinner - Albany Wine and Dine for the Arts\" \/>\n<meta property=\"og:description\" content=\"[vc_row css_animation=&#8221;&#8221;][vc_column css_animation=&#8221;&#8221;][vc_video link=&#8221;https:\/\/vimeo.com\/792669775?share=copy&#8221;][\/vc_column][\/vc_row][vc_row full_width=&#8221;stretch_row&#8221; css_animation=&#8221;&#8221; css=&#8221;.vc_custom_1697979932376{padding-top: 120px !important;background-image: url(http:\/\/relentlessinteractive.com\/awda2024\/wp-content\/uploads\/2023\/10\/Grand.png?id=5425) !important;background-position: 0 0 !important;background-repeat: no-repeat !important;}&#8221; el_class=&#8221;gg-force-background-bottom&#8221;][vc_column width=&#8221;1\/2&#8243; css_animation=&#8221;&#8221;][vc_column_text css_animation=&#8221;&#8221;] Albany Capital Center Saturday, January 27, 2024 Reception 6:00pm | Read More\" \/>\n<meta property=\"og:url\" content=\"https:\/\/relentlessinteractive.com\/awda2024\/2024-grand-gala-reception-5-course-dinner\/\" \/>\n<meta property=\"og:site_name\" content=\"Albany Wine and Dine for the Arts\" \/>\n<meta property=\"article:modified_time\" content=\"2023-10-24T00:46:54+00:00\" \/>\n<meta name=\"twitter:card\" content=\"summary_large_image\" \/>\n<meta name=\"twitter:label1\" content=\"Est. reading time\" \/>\n\t<meta name=\"twitter:data1\" content=\"2 minutes\" \/>\n<script type=\"application\/ld+json\" class=\"yoast-schema-graph\">{\"@context\":\"https:\/\/schema.org\",\"@graph\":[{\"@type\":\"WebPage\",\"@id\":\"https:\/\/relentlessinteractive.com\/awda2024\/2024-grand-gala-reception-5-course-dinner\/\",\"url\":\"https:\/\/relentlessinteractive.com\/awda2024\/2024-grand-gala-reception-5-course-dinner\/\",\"name\":\"2024 Grand Gala Reception & 5 - Course Dinner - Albany Wine and Dine for the Arts\",\"isPartOf\":{\"@id\":\"https:\/\/relentlessinteractive.com\/awda2024\/#website\"},\"datePublished\":\"2023-10-22T13:10:44+00:00\",\"dateModified\":\"2023-10-24T00:46:54+00:00\",\"breadcrumb\":{\"@id\":\"https:\/\/relentlessinteractive.com\/awda2024\/2024-grand-gala-reception-5-course-dinner\/#breadcrumb\"},\"inLanguage\":\"en\",\"potentialAction\":[{\"@type\":\"ReadAction\",\"target\":[\"https:\/\/relentlessinteractive.com\/awda2024\/2024-grand-gala-reception-5-course-dinner\/\"]}]},{\"@type\":\"BreadcrumbList\",\"@id\":\"https:\/\/relentlessinteractive.com\/awda2024\/2024-grand-gala-reception-5-course-dinner\/#breadcrumb\",\"itemListElement\":[{\"@type\":\"ListItem\",\"position\":1,\"name\":\"Home\",\"item\":\"https:\/\/relentlessinteractive.com\/awda2024\/\"},{\"@type\":\"ListItem\",\"position\":2,\"name\":\"2024 Grand Gala Reception &#038; 5 &#8211; Course Dinner\"}]},{\"@type\":\"WebSite\",\"@id\":\"https:\/\/relentlessinteractive.com\/awda2024\/#website\",\"url\":\"https:\/\/relentlessinteractive.com\/awda2024\/\",\"name\":\"Albany Wine and Dine for the Arts\",\"description\":\"\",\"publisher\":{\"@id\":\"https:\/\/relentlessinteractive.com\/awda2024\/#organization\"},\"potentialAction\":[{\"@type\":\"SearchAction\",\"target\":{\"@type\":\"EntryPoint\",\"urlTemplate\":\"https:\/\/relentlessinteractive.com\/awda2024\/?s={search_term_string}\"},\"query-input\":\"required name=search_term_string\"}],\"inLanguage\":\"en\"},{\"@type\":\"Organization\",\"@id\":\"https:\/\/relentlessinteractive.com\/awda2024\/#organization\",\"name\":\"Albany Wine and Dine for the Arts\",\"url\":\"https:\/\/relentlessinteractive.com\/awda2024\/\",\"logo\":{\"@type\":\"ImageObject\",\"inLanguage\":\"en\",\"@id\":\"https:\/\/relentlessinteractive.com\/awda2024\/#\/schema\/logo\/image\/\",\"url\":\"\",\"contentUrl\":\"\",\"caption\":\"Albany Wine and Dine for the Arts\"},\"image\":{\"@id\":\"https:\/\/relentlessinteractive.com\/awda2024\/#\/schema\/logo\/image\/\"}}]}<\/script>\n<!-- \/ Yoast SEO plugin. -->","yoast_head_json":{"title":"2024 Grand Gala Reception & 5 - Course Dinner - Albany Wine and Dine for the Arts","robots":{"index":"index","follow":"follow","max-snippet":"max-snippet:-1","max-image-preview":"max-image-preview:large","max-video-preview":"max-video-preview:-1"},"canonical":"https:\/\/relentlessinteractive.com\/awda2024\/2024-grand-gala-reception-5-course-dinner\/","og_locale":"en_US","og_type":"article","og_title":"2024 Grand Gala Reception & 5 - Course Dinner - Albany Wine and Dine for the Arts","og_description":"[vc_row css_animation=&#8221;&#8221;][vc_column css_animation=&#8221;&#8221;][vc_video link=&#8221;https:\/\/vimeo.com\/792669775?share=copy&#8221;][\/vc_column][\/vc_row][vc_row full_width=&#8221;stretch_row&#8221; css_animation=&#8221;&#8221; css=&#8221;.vc_custom_1697979932376{padding-top: 120px !important;background-image: url(http:\/\/relentlessinteractive.com\/awda2024\/wp-content\/uploads\/2023\/10\/Grand.png?id=5425) !important;background-position: 0 0 !important;background-repeat: no-repeat !important;}&#8221; el_class=&#8221;gg-force-background-bottom&#8221;][vc_column width=&#8221;1\/2&#8243; css_animation=&#8221;&#8221;][vc_column_text css_animation=&#8221;&#8221;] Albany Capital Center Saturday, January 27, 2024 Reception 6:00pm | Read More","og_url":"https:\/\/relentlessinteractive.com\/awda2024\/2024-grand-gala-reception-5-course-dinner\/","og_site_name":"Albany Wine and Dine for the Arts","article_modified_time":"2023-10-24T00:46:54+00:00","twitter_card":"summary_large_image","twitter_misc":{"Est. reading time":"2 minutes"},"schema":{"@context":"https:\/\/schema.org","@graph":[{"@type":"WebPage","@id":"https:\/\/relentlessinteractive.com\/awda2024\/2024-grand-gala-reception-5-course-dinner\/","url":"https:\/\/relentlessinteractive.com\/awda2024\/2024-grand-gala-reception-5-course-dinner\/","name":"2024 Grand Gala Reception & 5 - Course Dinner - Albany Wine and Dine for the Arts","isPartOf":{"@id":"https:\/\/relentlessinteractive.com\/awda2024\/#website"},"datePublished":"2023-10-22T13:10:44+00:00","dateModified":"2023-10-24T00:46:54+00:00","breadcrumb":{"@id":"https:\/\/relentlessinteractive.com\/awda2024\/2024-grand-gala-reception-5-course-dinner\/#breadcrumb"},"inLanguage":"en","potentialAction":[{"@type":"ReadAction","target":["https:\/\/relentlessinteractive.com\/awda2024\/2024-grand-gala-reception-5-course-dinner\/"]}]},{"@type":"BreadcrumbList","@id":"https:\/\/relentlessinteractive.com\/awda2024\/2024-grand-gala-reception-5-course-dinner\/#breadcrumb","itemListElement":[{"@type":"ListItem","position":1,"name":"Home","item":"https:\/\/relentlessinteractive.com\/awda2024\/"},{"@type":"ListItem","position":2,"name":"2024 Grand Gala Reception &#038; 5 &#8211; Course Dinner"}]},{"@type":"WebSite","@id":"https:\/\/relentlessinteractive.com\/awda2024\/#website","url":"https:\/\/relentlessinteractive.com\/awda2024\/","name":"Albany Wine and Dine for the Arts","description":"","publisher":{"@id":"https:\/\/relentlessinteractive.com\/awda2024\/#organization"},"potentialAction":[{"@type":"SearchAction","target":{"@type":"EntryPoint","urlTemplate":"https:\/\/relentlessinteractive.com\/awda2024\/?s={search_term_string}"},"query-input":"required name=search_term_string"}],"inLanguage":"en"},{"@type":"Organization","@id":"https:\/\/relentlessinteractive.com\/awda2024\/#organization","name":"Albany Wine and Dine for the Arts","url":"https:\/\/relentlessinteractive.com\/awda2024\/","logo":{"@type":"ImageObject","inLanguage":"en","@id":"https:\/\/relentlessinteractive.com\/awda2024\/#\/schema\/logo\/image\/","url":"","contentUrl":"","caption":"Albany Wine and Dine for the Arts"},"image":{"@id":"https:\/\/relentlessinteractive.com\/awda2024\/#\/schema\/logo\/image\/"}}]}},"_links":{"self":[{"href":"https:\/\/relentlessinteractive.com\/awda2024\/wp-json\/wp\/v2\/pages\/5421"}],"collection":[{"href":"https:\/\/relentlessinteractive.com\/awda2024\/wp-json\/wp\/v2\/pages"}],"about":[{"href":"https:\/\/relentlessinteractive.com\/awda2024\/wp-json\/wp\/v2\/types\/page"}],"author":[{"embeddable":true,"href":"https:\/\/relentlessinteractive.com\/awda2024\/wp-json\/wp\/v2\/users\/18"}],"replies":[{"embeddable":true,"href":"https:\/\/relentlessinteractive.com\/awda2024\/wp-json\/wp\/v2\/comments?post=5421"}],"version-history":[{"count":10,"href":"https:\/\/relentlessinteractive.com\/awda2024\/wp-json\/wp\/v2\/pages\/5421\/revisions"}],"predecessor-version":[{"id":5519,"href":"https:\/\/relentlessinteractive.com\/awda2024\/wp-json\/wp\/v2\/pages\/5421\/revisions\/5519"}],"wp:featuredmedia":[{"embeddable":true,"href":"https:\/\/relentlessinteractive.com\/awda2024\/wp-json\/"}],"wp:attachment":[{"href":"https:\/\/relentlessinteractive.com\/awda2024\/wp-json\/wp\/v2\/media?parent=5421"}],"curies":[{"name":"wp","href":"https:\/\/api.w.org\/{rel}","templated":true}]}}